{"id":336,"date":"2021-07-31T22:40:12","date_gmt":"2021-07-31T22:40:12","guid":{"rendered":"https:\/\/xn--virukttejaam-hlb.ee\/?page_id=336"},"modified":"2022-04-13T15:12:13","modified_gmt":"2022-04-13T15:12:13","slug":"meist","status":"publish","type":"page","link":"https:\/\/xn--virukttejaam-hlb.ee\/?page_id=336","title":{"rendered":"Meist"},"content":{"rendered":"\n<p class=\"has-text-align-center\">Ettev\u00f5te Viru K\u00fcttejaama k\u00e4ivitamise peamiseks p\u00f5hjuseks oli probleemid k\u00fcttematerjalide turul L\u00e4\u00e4ne-Virumaal. Tihti ei peeta kinni varasemalt kokkulepitud t\u00e4htaegatest ja probleeme esineb k\u00fcttematerjalide kvaliteedis kui ka kliendisuhtluses. ENAMUS K\u00dcTTEMATERJALIDE M\u00dc\u00dcJATEL EI OLE SORTIMENTI\u00a0 KUS OLEKS M\u00dc\u00dcA\u00a0 RAKVERES K\u00dcTTEPUUD, PUITBRIKETTI, PELLETIT NING KIVIS\u00dcSI \u00dcHEST JA SAMAST KOHAST , sellest tulenevalt sooviksime pakkuda oma klientidele kindlust k\u00fcttematerjalide tellimisel, kus klient saab olla kindel kvaliteedis, kliendi ja teenusepakkuja vahelistes kokkulepetes ning \u00f5igeaegselt tarnitud kaubas.\u00a0<\/p>\n\n\n\n<p class=\"has-text-align-center\">Soovime pakkuda oma praegustele ja tulevastele klientidele personaalset l\u00e4henemist, suurt sortimenti ning viisakat suhtlust, et luua kauakestev ja usaldusv\u00e4\u00e4rne kliendisuhe.<\/p>\n\n\n\n<p><\/p>\n","protected":false},"excerpt":{"rendered":"<p>Ettev\u00f5te Viru K\u00fcttejaama k\u00e4ivitamise peamiseks p\u00f5hjuseks oli probleemid k\u00fcttematerjalide turul L\u00e4\u00e4ne-Virumaal. Tihti ei peeta kinni varasemalt kokkulepitud t\u00e4htaegatest ja probleeme esineb k\u00fcttematerjalide kvaliteedis kui ka kliendisuhtluses. ENAMUS K\u00dcTTEMATERJALIDE M\u00dc\u00dcJATEL EI OLE SORTIMENTI\u00a0 KUS OLEKS M\u00dc\u00dcA\u00a0 RAKVERES K\u00dcTTEPUUD, PUITBRIKETTI, PELLETIT NING KIVIS\u00dcSI \u00dcHEST JA SAMAST KOHAST , sellest tulenevalt sooviksime pakkuda oma klientidele kindlust k\u00fcttematerjalide tellimisel,&hellip; <br \/> <a class=\"button small blue\" href=\"https:\/\/xn--virukttejaam-hlb.ee\/?page_id=336\">Read more<\/a><\/p>\n","protected":false},"author":1,"featured_media":0,"parent":0,"menu_order":0,"comment_status":"closed","ping_status":"closed","template":"","meta":{"footnotes":""},"class_list":["post-336","page","type-page","status-publish","hentry"],"yoast_head":"<!-- This site is optimized with the Yoast SEO plugin v17.6 - https:\/\/yoast.com\/wordpress\/plugins\/seo\/ -->\n<title>Meist - VIRU K&Uuml;TTEJAAM<\/title>\n<meta name=\"description\" content=\"M\u00fc\u00fca L\u00e4\u00e4ne-Virumaal k\u00fcttepuud, brikett, pellet, kivis\u00fcsi. HALUMASINA TEENUS, TRANSPORT HINNAS, T\u00d6\u00d6TAME IGA P\u00c4EV!\" \/>\n<meta name=\"robots\" content=\"index, follow, max-snippet:-1, max-image-preview:large, max-video-preview:-1\" \/>\n<link rel=\"canonical\" href=\"https:\/\/xn--virukttejaam-hlb.ee\/?page_id=336\" \/>\n<meta property=\"og:locale\" content=\"et_EE\" \/>\n<meta property=\"og:type\" content=\"article\" \/>\n<meta property=\"og:title\" content=\"Meist - VIRU K&Uuml;TTEJAAM\" \/>\n<meta property=\"og:description\" content=\"M\u00fc\u00fca L\u00e4\u00e4ne-Virumaal k\u00fcttepuud, brikett, pellet, kivis\u00fcsi. HALUMASINA TEENUS, TRANSPORT HINNAS, T\u00d6\u00d6TAME IGA P\u00c4EV!\" \/>\n<meta property=\"og:url\" content=\"https:\/\/xn--virukttejaam-hlb.ee\/?page_id=336\" \/>\n<meta property=\"og:site_name\" content=\"VIRU K&Uuml;TTEJAAM\" \/>\n<meta property=\"article:modified_time\" content=\"2022-04-13T15:12:13+00:00\" \/>\n<meta name=\"twitter:card\" content=\"summary_large_image\" \/>\n<meta name=\"twitter:label1\" content=\"Est. reading time\" \/>\n\t<meta name=\"twitter:data1\" content=\"1 minut\" \/>\n<script type=\"application\/ld+json\" class=\"yoast-schema-graph\">{\"@context\":\"https:\/\/schema.org\",\"@graph\":[{\"@type\":\"WebSite\",\"@id\":\"https:\/\/xn--virukttejaam-hlb.ee\/#website\",\"url\":\"https:\/\/xn--virukttejaam-hlb.ee\/\",\"name\":\"VIRU K&Uuml;TTEJAAM\",\"description\":\"\",\"potentialAction\":[{\"@type\":\"SearchAction\",\"target\":{\"@type\":\"EntryPoint\",\"urlTemplate\":\"https:\/\/xn--virukttejaam-hlb.ee\/?s={search_term_string}\"},\"query-input\":\"required name=search_term_string\"}],\"inLanguage\":\"et\"},{\"@type\":\"WebPage\",\"@id\":\"https:\/\/xn--virukttejaam-hlb.ee\/?page_id=336#webpage\",\"url\":\"https:\/\/xn--virukttejaam-hlb.ee\/?page_id=336\",\"name\":\"Meist - VIRU K&Uuml;TTEJAAM\",\"isPartOf\":{\"@id\":\"https:\/\/xn--virukttejaam-hlb.ee\/#website\"},\"datePublished\":\"2021-07-31T22:40:12+00:00\",\"dateModified\":\"2022-04-13T15:12:13+00:00\",\"description\":\"M\\u00fc\\u00fca L\\u00e4\\u00e4ne-Virumaal k\\u00fcttepuud, brikett, pellet, kivis\\u00fcsi. HALUMASINA TEENUS, TRANSPORT HINNAS, T\\u00d6\\u00d6TAME IGA P\\u00c4EV!\",\"breadcrumb\":{\"@id\":\"https:\/\/xn--virukttejaam-hlb.ee\/?page_id=336#breadcrumb\"},\"inLanguage\":\"et\",\"potentialAction\":[{\"@type\":\"ReadAction\",\"target\":[\"https:\/\/xn--virukttejaam-hlb.ee\/?page_id=336\"]}]},{\"@type\":\"BreadcrumbList\",\"@id\":\"https:\/\/xn--virukttejaam-hlb.ee\/?page_id=336#breadcrumb\",\"itemListElement\":[{\"@type\":\"ListItem\",\"position\":1,\"name\":\"Home\",\"item\":\"https:\/\/xn--virukttejaam-hlb.ee\/\"},{\"@type\":\"ListItem\",\"position\":2,\"name\":\"Meist\"}]}]}<\/script>\n<!-- \/ Yoast SEO plugin. -->","yoast_head_json":{"title":"Meist - VIRU K&Uuml;TTEJAAM","description":"M\u00fc\u00fca L\u00e4\u00e4ne-Virumaal k\u00fcttepuud, brikett, pellet, kivis\u00fcsi. HALUMASINA TEENUS, TRANSPORT HINNAS, T\u00d6\u00d6TAME IGA P\u00c4EV!","robots":{"index":"index","follow":"follow","max-snippet":"max-snippet:-1","max-image-preview":"max-image-preview:large","max-video-preview":"max-video-preview:-1"},"canonical":"https:\/\/xn--virukttejaam-hlb.ee\/?page_id=336","og_locale":"et_EE","og_type":"article","og_title":"Meist - VIRU K&Uuml;TTEJAAM","og_description":"M\u00fc\u00fca L\u00e4\u00e4ne-Virumaal k\u00fcttepuud, brikett, pellet, kivis\u00fcsi. HALUMASINA TEENUS, TRANSPORT HINNAS, T\u00d6\u00d6TAME IGA P\u00c4EV!","og_url":"https:\/\/xn--virukttejaam-hlb.ee\/?page_id=336","og_site_name":"VIRU K&Uuml;TTEJAAM","article_modified_time":"2022-04-13T15:12:13+00:00","twitter_card":"summary_large_image","twitter_misc":{"Est. reading time":"1 minut"},"schema":{"@context":"https:\/\/schema.org","@graph":[{"@type":"WebSite","@id":"https:\/\/xn--virukttejaam-hlb.ee\/#website","url":"https:\/\/xn--virukttejaam-hlb.ee\/","name":"VIRU K&Uuml;TTEJAAM","description":"","potentialAction":[{"@type":"SearchAction","target":{"@type":"EntryPoint","urlTemplate":"https:\/\/xn--virukttejaam-hlb.ee\/?s={search_term_string}"},"query-input":"required name=search_term_string"}],"inLanguage":"et"},{"@type":"WebPage","@id":"https:\/\/xn--virukttejaam-hlb.ee\/?page_id=336#webpage","url":"https:\/\/xn--virukttejaam-hlb.ee\/?page_id=336","name":"Meist - VIRU K&Uuml;TTEJAAM","isPartOf":{"@id":"https:\/\/xn--virukttejaam-hlb.ee\/#website"},"datePublished":"2021-07-31T22:40:12+00:00","dateModified":"2022-04-13T15:12:13+00:00","description":"M\u00fc\u00fca L\u00e4\u00e4ne-Virumaal k\u00fcttepuud, brikett, pellet, kivis\u00fcsi. HALUMASINA TEENUS, TRANSPORT HINNAS, T\u00d6\u00d6TAME IGA P\u00c4EV!","breadcrumb":{"@id":"https:\/\/xn--virukttejaam-hlb.ee\/?page_id=336#breadcrumb"},"inLanguage":"et","potentialAction":[{"@type":"ReadAction","target":["https:\/\/xn--virukttejaam-hlb.ee\/?page_id=336"]}]},{"@type":"BreadcrumbList","@id":"https:\/\/xn--virukttejaam-hlb.ee\/?page_id=336#breadcrumb","itemListElement":[{"@type":"ListItem","position":1,"name":"Home","item":"https:\/\/xn--virukttejaam-hlb.ee\/"},{"@type":"ListItem","position":2,"name":"Meist"}]}]}},"_links":{"self":[{"href":"https:\/\/xn--virukttejaam-hlb.ee\/index.php?rest_route=\/wp\/v2\/pages\/336","targetHints":{"allow":["GET"]}}],"collection":[{"href":"https:\/\/xn--virukttejaam-hlb.ee\/index.php?rest_route=\/wp\/v2\/pages"}],"about":[{"href":"https:\/\/xn--virukttejaam-hlb.ee\/index.php?rest_route=\/wp\/v2\/types\/page"}],"author":[{"embeddable":true,"href":"https:\/\/xn--virukttejaam-hlb.ee\/index.php?rest_route=\/wp\/v2\/users\/1"}],"replies":[{"embeddable":true,"href":"https:\/\/xn--virukttejaam-hlb.ee\/index.php?rest_route=%2Fwp%2Fv2%2Fcomments&post=336"}],"version-history":[{"count":11,"href":"https:\/\/xn--virukttejaam-hlb.ee\/index.php?rest_route=\/wp\/v2\/pages\/336\/revisions"}],"predecessor-version":[{"id":403,"href":"https:\/\/xn--virukttejaam-hlb.ee\/index.php?rest_route=\/wp\/v2\/pages\/336\/revisions\/403"}],"wp:attachment":[{"href":"https:\/\/xn--virukttejaam-hlb.ee\/index.php?rest_route=%2Fwp%2Fv2%2Fmedia&parent=336"}],"curies":[{"name":"wp","href":"https:\/\/api.w.org\/{rel}","templated":true}]}}