{"id":3,"date":"2021-06-11T11:00:00","date_gmt":"2021-06-11T11:00:00","guid":{"rendered":"https:\/\/xn--virukttejaam-hlb.ee\/?page_id=3"},"modified":"2023-01-09T08:27:39","modified_gmt":"2023-01-09T08:27:39","slug":"kontakt","status":"publish","type":"page","link":"https:\/\/xn--virukttejaam-hlb.ee\/?page_id=3","title":{"rendered":"Kontakt"},"content":{"rendered":"\n<p><\/p>\n\n\n\n<p class=\"has-text-align-center has-medium-font-size\"><strong class=\"privacy-policy-tutorial\"><br><strong>E-POST:\u00a0<\/strong>kyttejaam@gmail.com<br><strong>TELEFON:\u00a0<\/strong>+37256140016<br><\/strong><\/p>\n\n\n<div class=\"wp-block-image is-style-rounded\">\n<figure class=\"aligncenter size-large is-resized\"><img loading=\"lazy\" decoding=\"async\" src=\"https:\/\/xn--virukttejaam-hlb.ee\/wp-content\/uploads\/2021\/07\/fire-1024x684.jpg\" alt=\"\" class=\"wp-image-302\" width=\"445\" height=\"297\" srcset=\"https:\/\/xn--virukttejaam-hlb.ee\/wp-content\/uploads\/2021\/07\/fire-1024x684.jpg 1024w, https:\/\/xn--virukttejaam-hlb.ee\/wp-content\/uploads\/2021\/07\/fire-300x200.jpg 300w, https:\/\/xn--virukttejaam-hlb.ee\/wp-content\/uploads\/2021\/07\/fire-768x513.jpg 768w, https:\/\/xn--virukttejaam-hlb.ee\/wp-content\/uploads\/2021\/07\/fire-1536x1025.jpg 1536w, https:\/\/xn--virukttejaam-hlb.ee\/wp-content\/uploads\/2021\/07\/fire-2048x1367.jpg 2048w, https:\/\/xn--virukttejaam-hlb.ee\/wp-content\/uploads\/2021\/07\/fire-1618x1080.jpg 1618w\" sizes=\"auto, (max-width: 445px) 100vw, 445px\" \/><\/figure>\n<\/div>","protected":false},"excerpt":{"rendered":"<p>E-POST:\u00a0kyttejaam@gmail.comTELEFON:\u00a0+37256140016<\/p>\n","protected":false},"author":1,"featured_media":0,"parent":0,"menu_order":0,"comment_status":"closed","ping_status":"closed","template":"","meta":{"footnotes":""},"class_list":["post-3","page","type-page","status-publish","hentry"],"yoast_head":"<!-- This site is optimized with the Yoast SEO plugin v17.6 - https:\/\/yoast.com\/wordpress\/plugins\/seo\/ -->\n<title>Kontakt - VIRU K&Uuml;TTEJAAM<\/title>\n<meta name=\"description\" content=\"M\u00fc\u00fca L\u00e4\u00e4ne-Virumaal k\u00fcttepuud, brikett, pellet, kivis\u00fcsi. HALUMASINA TEENUS, TRANSPORT HINNAS, T\u00d6\u00d6TAME IGA P\u00c4EV\" \/>\n<meta name=\"robots\" content=\"index, follow, max-snippet:-1, max-image-preview:large, max-video-preview:-1\" \/>\n<link rel=\"canonical\" href=\"https:\/\/xn--virukttejaam-hlb.ee\/?page_id=3\" \/>\n<meta property=\"og:locale\" content=\"et_EE\" \/>\n<meta property=\"og:type\" content=\"article\" \/>\n<meta property=\"og:title\" content=\"Kontakt - VIRU K&Uuml;TTEJAAM\" \/>\n<meta property=\"og:description\" content=\"M\u00fc\u00fca L\u00e4\u00e4ne-Virumaal k\u00fcttepuud, brikett, pellet, kivis\u00fcsi. HALUMASINA TEENUS, TRANSPORT HINNAS, T\u00d6\u00d6TAME IGA P\u00c4EV\" \/>\n<meta property=\"og:url\" content=\"https:\/\/xn--virukttejaam-hlb.ee\/?page_id=3\" \/>\n<meta property=\"og:site_name\" content=\"VIRU K&Uuml;TTEJAAM\" \/>\n<meta property=\"article:modified_time\" content=\"2023-01-09T08:27:39+00:00\" \/>\n<meta property=\"og:image\" content=\"https:\/\/xn--virukttejaam-hlb.ee\/wp-content\/uploads\/2021\/07\/fire-1024x684.jpg\" \/>\n<meta name=\"twitter:card\" content=\"summary_large_image\" \/>\n<meta name=\"twitter:label1\" content=\"Est. reading time\" \/>\n\t<meta name=\"twitter:data1\" content=\"1 minut\" \/>\n<script type=\"application\/ld+json\" class=\"yoast-schema-graph\">{\"@context\":\"https:\/\/schema.org\",\"@graph\":[{\"@type\":\"WebSite\",\"@id\":\"https:\/\/xn--virukttejaam-hlb.ee\/#website\",\"url\":\"https:\/\/xn--virukttejaam-hlb.ee\/\",\"name\":\"VIRU K&Uuml;TTEJAAM\",\"description\":\"\",\"potentialAction\":[{\"@type\":\"SearchAction\",\"target\":{\"@type\":\"EntryPoint\",\"urlTemplate\":\"https:\/\/xn--virukttejaam-hlb.ee\/?s={search_term_string}\"},\"query-input\":\"required name=search_term_string\"}],\"inLanguage\":\"et\"},{\"@type\":\"ImageObject\",\"@id\":\"https:\/\/xn--virukttejaam-hlb.ee\/?page_id=3#primaryimage\",\"inLanguage\":\"et\",\"url\":\"https:\/\/xn--virukttejaam-hlb.ee\/wp-content\/uploads\/2021\/07\/fire-1024x684.jpg\",\"contentUrl\":\"https:\/\/xn--virukttejaam-hlb.ee\/wp-content\/uploads\/2021\/07\/fire-1024x684.jpg\"},{\"@type\":\"WebPage\",\"@id\":\"https:\/\/xn--virukttejaam-hlb.ee\/?page_id=3#webpage\",\"url\":\"https:\/\/xn--virukttejaam-hlb.ee\/?page_id=3\",\"name\":\"Kontakt - VIRU K&Uuml;TTEJAAM\",\"isPartOf\":{\"@id\":\"https:\/\/xn--virukttejaam-hlb.ee\/#website\"},\"primaryImageOfPage\":{\"@id\":\"https:\/\/xn--virukttejaam-hlb.ee\/?page_id=3#primaryimage\"},\"datePublished\":\"2021-06-11T11:00:00+00:00\",\"dateModified\":\"2023-01-09T08:27:39+00:00\",\"description\":\"M\\u00fc\\u00fca L\\u00e4\\u00e4ne-Virumaal k\\u00fcttepuud, brikett, pellet, kivis\\u00fcsi. HALUMASINA TEENUS, TRANSPORT HINNAS, T\\u00d6\\u00d6TAME IGA P\\u00c4EV\",\"breadcrumb\":{\"@id\":\"https:\/\/xn--virukttejaam-hlb.ee\/?page_id=3#breadcrumb\"},\"inLanguage\":\"et\",\"potentialAction\":[{\"@type\":\"ReadAction\",\"target\":[\"https:\/\/xn--virukttejaam-hlb.ee\/?page_id=3\"]}]},{\"@type\":\"BreadcrumbList\",\"@id\":\"https:\/\/xn--virukttejaam-hlb.ee\/?page_id=3#breadcrumb\",\"itemListElement\":[{\"@type\":\"ListItem\",\"position\":1,\"name\":\"Home\",\"item\":\"https:\/\/xn--virukttejaam-hlb.ee\/\"},{\"@type\":\"ListItem\",\"position\":2,\"name\":\"Kontakt\"}]}]}<\/script>\n<!-- \/ Yoast SEO plugin. -->","yoast_head_json":{"title":"Kontakt - VIRU K&Uuml;TTEJAAM","description":"M\u00fc\u00fca L\u00e4\u00e4ne-Virumaal k\u00fcttepuud, brikett, pellet, kivis\u00fcsi. HALUMASINA TEENUS, TRANSPORT HINNAS, T\u00d6\u00d6TAME IGA P\u00c4EV","robots":{"index":"index","follow":"follow","max-snippet":"max-snippet:-1","max-image-preview":"max-image-preview:large","max-video-preview":"max-video-preview:-1"},"canonical":"https:\/\/xn--virukttejaam-hlb.ee\/?page_id=3","og_locale":"et_EE","og_type":"article","og_title":"Kontakt - VIRU K&Uuml;TTEJAAM","og_description":"M\u00fc\u00fca L\u00e4\u00e4ne-Virumaal k\u00fcttepuud, brikett, pellet, kivis\u00fcsi. HALUMASINA TEENUS, TRANSPORT HINNAS, T\u00d6\u00d6TAME IGA P\u00c4EV","og_url":"https:\/\/xn--virukttejaam-hlb.ee\/?page_id=3","og_site_name":"VIRU K&Uuml;TTEJAAM","article_modified_time":"2023-01-09T08:27:39+00:00","og_image":[{"url":"https:\/\/xn--virukttejaam-hlb.ee\/wp-content\/uploads\/2021\/07\/fire-1024x684.jpg"}],"twitter_card":"summary_large_image","twitter_misc":{"Est. reading time":"1 minut"},"schema":{"@context":"https:\/\/schema.org","@graph":[{"@type":"WebSite","@id":"https:\/\/xn--virukttejaam-hlb.ee\/#website","url":"https:\/\/xn--virukttejaam-hlb.ee\/","name":"VIRU K&Uuml;TTEJAAM","description":"","potentialAction":[{"@type":"SearchAction","target":{"@type":"EntryPoint","urlTemplate":"https:\/\/xn--virukttejaam-hlb.ee\/?s={search_term_string}"},"query-input":"required name=search_term_string"}],"inLanguage":"et"},{"@type":"ImageObject","@id":"https:\/\/xn--virukttejaam-hlb.ee\/?page_id=3#primaryimage","inLanguage":"et","url":"https:\/\/xn--virukttejaam-hlb.ee\/wp-content\/uploads\/2021\/07\/fire-1024x684.jpg","contentUrl":"https:\/\/xn--virukttejaam-hlb.ee\/wp-content\/uploads\/2021\/07\/fire-1024x684.jpg"},{"@type":"WebPage","@id":"https:\/\/xn--virukttejaam-hlb.ee\/?page_id=3#webpage","url":"https:\/\/xn--virukttejaam-hlb.ee\/?page_id=3","name":"Kontakt - VIRU K&Uuml;TTEJAAM","isPartOf":{"@id":"https:\/\/xn--virukttejaam-hlb.ee\/#website"},"primaryImageOfPage":{"@id":"https:\/\/xn--virukttejaam-hlb.ee\/?page_id=3#primaryimage"},"datePublished":"2021-06-11T11:00:00+00:00","dateModified":"2023-01-09T08:27:39+00:00","description":"M\u00fc\u00fca L\u00e4\u00e4ne-Virumaal k\u00fcttepuud, brikett, pellet, kivis\u00fcsi. HALUMASINA TEENUS, TRANSPORT HINNAS, T\u00d6\u00d6TAME IGA P\u00c4EV","breadcrumb":{"@id":"https:\/\/xn--virukttejaam-hlb.ee\/?page_id=3#breadcrumb"},"inLanguage":"et","potentialAction":[{"@type":"ReadAction","target":["https:\/\/xn--virukttejaam-hlb.ee\/?page_id=3"]}]},{"@type":"BreadcrumbList","@id":"https:\/\/xn--virukttejaam-hlb.ee\/?page_id=3#breadcrumb","itemListElement":[{"@type":"ListItem","position":1,"name":"Home","item":"https:\/\/xn--virukttejaam-hlb.ee\/"},{"@type":"ListItem","position":2,"name":"Kontakt"}]}]}},"_links":{"self":[{"href":"https:\/\/xn--virukttejaam-hlb.ee\/index.php?rest_route=\/wp\/v2\/pages\/3","targetHints":{"allow":["GET"]}}],"collection":[{"href":"https:\/\/xn--virukttejaam-hlb.ee\/index.php?rest_route=\/wp\/v2\/pages"}],"about":[{"href":"https:\/\/xn--virukttejaam-hlb.ee\/index.php?rest_route=\/wp\/v2\/types\/page"}],"author":[{"embeddable":true,"href":"https:\/\/xn--virukttejaam-hlb.ee\/index.php?rest_route=\/wp\/v2\/users\/1"}],"replies":[{"embeddable":true,"href":"https:\/\/xn--virukttejaam-hlb.ee\/index.php?rest_route=%2Fwp%2Fv2%2Fcomments&post=3"}],"version-history":[{"count":28,"href":"https:\/\/xn--virukttejaam-hlb.ee\/index.php?rest_route=\/wp\/v2\/pages\/3\/revisions"}],"predecessor-version":[{"id":416,"href":"https:\/\/xn--virukttejaam-hlb.ee\/index.php?rest_route=\/wp\/v2\/pages\/3\/revisions\/416"}],"wp:attachment":[{"href":"https:\/\/xn--virukttejaam-hlb.ee\/index.php?rest_route=%2Fwp%2Fv2%2Fmedia&parent=3"}],"curies":[{"name":"wp","href":"https:\/\/api.w.org\/{rel}","templated":true}]}}