{"id":2,"date":"2021-06-18T11:00:00","date_gmt":"2021-06-18T11:00:00","guid":{"rendered":"https:\/\/xn--virukttejaam-hlb.ee\/?page_id=2"},"modified":"2022-04-13T15:14:22","modified_gmt":"2022-04-13T15:14:22","slug":"tooted","status":"publish","type":"page","link":"https:\/\/xn--virukttejaam-hlb.ee\/?page_id=2","title":{"rendered":"Tooted"},"content":{"rendered":"\n<h5 class=\"has-text-align-center wp-block-heading\">M\u00fc\u00fca L\u00e4\u00e4ne-Virumaal k\u00fcttepuud, brikett, pellet, kivis\u00fcsi :<\/h5>\n\n\n\n<p> <\/p>\n\n\n\n<div class=\"wp-block-columns is-layout-flex wp-container-core-columns-is-layout-9d6595d7 wp-block-columns-is-layout-flex\">\n<div class=\"wp-block-column is-layout-flow wp-block-column-is-layout-flow\">\n<div class=\"wp-block-image is-style-rounded\"><figure class=\"aligncenter size-full is-resized\"><a href=\"https:\/\/viruk\u00fcttejaam.ee\/?page_id=275\"><img loading=\"lazy\" decoding=\"async\" src=\"https:\/\/xn--virukttejaam-hlb.ee\/wp-content\/uploads\/2021\/09\/PUUD5.png\" alt=\"\" class=\"wp-image-384\" width=\"298\" height=\"298\" srcset=\"https:\/\/xn--virukttejaam-hlb.ee\/wp-content\/uploads\/2021\/09\/PUUD5.png 822w, https:\/\/xn--virukttejaam-hlb.ee\/wp-content\/uploads\/2021\/09\/PUUD5-300x300.png 300w, https:\/\/xn--virukttejaam-hlb.ee\/wp-content\/uploads\/2021\/09\/PUUD5-150x150.png 150w, https:\/\/xn--virukttejaam-hlb.ee\/wp-content\/uploads\/2021\/09\/PUUD5-768x768.png 768w\" sizes=\"auto, (max-width: 298px) 100vw, 298px\" \/><\/a><\/figure><\/div>\n<\/div>\n\n\n\n<div class=\"wp-block-column is-layout-flow wp-block-column-is-layout-flow\">\n<div class=\"wp-block-image is-style-rounded\"><figure class=\"aligncenter size-large is-resized\"><a href=\"https:\/\/viruk\u00fcttejaam.ee\/?page_id=195\"><img loading=\"lazy\" decoding=\"async\" src=\"https:\/\/xn--virukttejaam-hlb.ee\/wp-content\/uploads\/2021\/09\/KIVI5-1024x1024.png\" alt=\"\" class=\"wp-image-389\" width=\"307\" height=\"307\" srcset=\"https:\/\/xn--virukttejaam-hlb.ee\/wp-content\/uploads\/2021\/09\/KIVI5-1024x1024.png 1024w, https:\/\/xn--virukttejaam-hlb.ee\/wp-content\/uploads\/2021\/09\/KIVI5-300x300.png 300w, https:\/\/xn--virukttejaam-hlb.ee\/wp-content\/uploads\/2021\/09\/KIVI5-150x150.png 150w, https:\/\/xn--virukttejaam-hlb.ee\/wp-content\/uploads\/2021\/09\/KIVI5-768x768.png 768w, https:\/\/xn--virukttejaam-hlb.ee\/wp-content\/uploads\/2021\/09\/KIVI5-1080x1080.png 1080w, https:\/\/xn--virukttejaam-hlb.ee\/wp-content\/uploads\/2021\/09\/KIVI5.png 1170w\" sizes=\"auto, (max-width: 307px) 100vw, 307px\" \/><\/a><\/figure><\/div>\n\n\n\n<p><\/p>\n<\/div>\n<\/div>\n\n\n\n<div class=\"wp-block-columns is-layout-flex wp-container-core-columns-is-layout-9d6595d7 wp-block-columns-is-layout-flex\">\n<div class=\"wp-block-column is-layout-flow wp-block-column-is-layout-flow\">\n<div class=\"wp-block-image is-style-rounded\"><figure class=\"aligncenter size-full is-resized\"><a href=\"https:\/\/viruk\u00fcttejaam.ee\/?page_id=189\"><img loading=\"lazy\" decoding=\"async\" src=\"https:\/\/xn--virukttejaam-hlb.ee\/wp-content\/uploads\/2021\/09\/PE5.png\" alt=\"\" class=\"wp-image-383\" width=\"311\" height=\"311\" srcset=\"https:\/\/xn--virukttejaam-hlb.ee\/wp-content\/uploads\/2021\/09\/PE5.png 853w, https:\/\/xn--virukttejaam-hlb.ee\/wp-content\/uploads\/2021\/09\/PE5-300x300.png 300w, https:\/\/xn--virukttejaam-hlb.ee\/wp-content\/uploads\/2021\/09\/PE5-150x150.png 150w, https:\/\/xn--virukttejaam-hlb.ee\/wp-content\/uploads\/2021\/09\/PE5-768x768.png 768w\" sizes=\"auto, (max-width: 311px) 100vw, 311px\" \/><\/a><\/figure><\/div>\n<\/div>\n\n\n\n<div class=\"wp-block-column is-layout-flow wp-block-column-is-layout-flow\">\n<div class=\"wp-block-image is-style-rounded\"><figure class=\"aligncenter size-large is-resized\"><a href=\"https:\/\/viruk\u00fcttejaam.ee\/?page_id=172\"><img loading=\"lazy\" decoding=\"async\" src=\"https:\/\/xn--virukttejaam-hlb.ee\/wp-content\/uploads\/2021\/09\/B5-1024x1024.png\" alt=\"\" class=\"wp-image-381\" width=\"309\" height=\"309\" srcset=\"https:\/\/xn--virukttejaam-hlb.ee\/wp-content\/uploads\/2021\/09\/B5-1024x1024.png 1024w, https:\/\/xn--virukttejaam-hlb.ee\/wp-content\/uploads\/2021\/09\/B5-300x300.png 300w, https:\/\/xn--virukttejaam-hlb.ee\/wp-content\/uploads\/2021\/09\/B5-150x150.png 150w, https:\/\/xn--virukttejaam-hlb.ee\/wp-content\/uploads\/2021\/09\/B5-768x768.png 768w, https:\/\/xn--virukttejaam-hlb.ee\/wp-content\/uploads\/2021\/09\/B5.png 1038w\" sizes=\"auto, (max-width: 309px) 100vw, 309px\" \/><\/a><\/figure><\/div>\n<\/div>\n<\/div>\n\n\n\n<p><\/p>\n","protected":false},"excerpt":{"rendered":"<p>M\u00fc\u00fca L\u00e4\u00e4ne-Virumaal k\u00fcttepuud, brikett, pellet, kivis\u00fcsi :<\/p>\n","protected":false},"author":1,"featured_media":0,"parent":0,"menu_order":0,"comment_status":"closed","ping_status":"closed","template":"","meta":{"footnotes":""},"class_list":["post-2","page","type-page","status-publish","hentry"],"yoast_head":"<!-- This site is optimized with the Yoast SEO plugin v17.6 - https:\/\/yoast.com\/wordpress\/plugins\/seo\/ -->\n<title>Tooted - VIRU K&Uuml;TTEJAAM<\/title>\n<meta name=\"description\" content=\"M\u00fc\u00fca L\u00e4\u00e4ne-Virumaal k\u00fcttepuud, brikett, pellet, kivis\u00fcsi. HALUMASINA TEENUS, TRANSPORT HINNAS, T\u00d6\u00d6TAME IGA P\u00c4EV.\" \/>\n<meta name=\"robots\" content=\"index, follow, max-snippet:-1, max-image-preview:large, max-video-preview:-1\" \/>\n<link rel=\"canonical\" href=\"https:\/\/xn--virukttejaam-hlb.ee\/?page_id=2\" \/>\n<meta property=\"og:locale\" content=\"et_EE\" \/>\n<meta property=\"og:type\" content=\"article\" \/>\n<meta property=\"og:title\" content=\"Tooted - VIRU K&Uuml;TTEJAAM\" \/>\n<meta property=\"og:description\" content=\"M\u00fc\u00fca L\u00e4\u00e4ne-Virumaal k\u00fcttepuud, brikett, pellet, kivis\u00fcsi. HALUMASINA TEENUS, TRANSPORT HINNAS, T\u00d6\u00d6TAME IGA P\u00c4EV.\" \/>\n<meta property=\"og:url\" content=\"https:\/\/xn--virukttejaam-hlb.ee\/?page_id=2\" \/>\n<meta property=\"og:site_name\" content=\"VIRU K&Uuml;TTEJAAM\" \/>\n<meta property=\"article:modified_time\" content=\"2022-04-13T15:14:22+00:00\" \/>\n<meta property=\"og:image\" content=\"https:\/\/xn--virukttejaam-hlb.ee\/wp-content\/uploads\/2021\/09\/PUUD5.png\" \/>\n<meta name=\"twitter:card\" content=\"summary_large_image\" \/>\n<meta name=\"twitter:label1\" content=\"Est. reading time\" \/>\n\t<meta name=\"twitter:data1\" content=\"1 minut\" \/>\n<script type=\"application\/ld+json\" class=\"yoast-schema-graph\">{\"@context\":\"https:\/\/schema.org\",\"@graph\":[{\"@type\":\"WebSite\",\"@id\":\"https:\/\/xn--virukttejaam-hlb.ee\/#website\",\"url\":\"https:\/\/xn--virukttejaam-hlb.ee\/\",\"name\":\"VIRU K&Uuml;TTEJAAM\",\"description\":\"\",\"potentialAction\":[{\"@type\":\"SearchAction\",\"target\":{\"@type\":\"EntryPoint\",\"urlTemplate\":\"https:\/\/xn--virukttejaam-hlb.ee\/?s={search_term_string}\"},\"query-input\":\"required name=search_term_string\"}],\"inLanguage\":\"et\"},{\"@type\":\"ImageObject\",\"@id\":\"https:\/\/xn--virukttejaam-hlb.ee\/?page_id=2#primaryimage\",\"inLanguage\":\"et\",\"url\":\"https:\/\/xn--virukttejaam-hlb.ee\/wp-content\/uploads\/2021\/09\/PUUD5.png\",\"contentUrl\":\"https:\/\/xn--virukttejaam-hlb.ee\/wp-content\/uploads\/2021\/09\/PUUD5.png\",\"width\":822,\"height\":822},{\"@type\":\"WebPage\",\"@id\":\"https:\/\/xn--virukttejaam-hlb.ee\/?page_id=2#webpage\",\"url\":\"https:\/\/xn--virukttejaam-hlb.ee\/?page_id=2\",\"name\":\"Tooted - VIRU K&Uuml;TTEJAAM\",\"isPartOf\":{\"@id\":\"https:\/\/xn--virukttejaam-hlb.ee\/#website\"},\"primaryImageOfPage\":{\"@id\":\"https:\/\/xn--virukttejaam-hlb.ee\/?page_id=2#primaryimage\"},\"datePublished\":\"2021-06-18T11:00:00+00:00\",\"dateModified\":\"2022-04-13T15:14:22+00:00\",\"description\":\"M\\u00fc\\u00fca L\\u00e4\\u00e4ne-Virumaal k\\u00fcttepuud, brikett, pellet, kivis\\u00fcsi. HALUMASINA TEENUS, TRANSPORT HINNAS, T\\u00d6\\u00d6TAME IGA P\\u00c4EV.\",\"breadcrumb\":{\"@id\":\"https:\/\/xn--virukttejaam-hlb.ee\/?page_id=2#breadcrumb\"},\"inLanguage\":\"et\",\"potentialAction\":[{\"@type\":\"ReadAction\",\"target\":[\"https:\/\/xn--virukttejaam-hlb.ee\/?page_id=2\"]}]},{\"@type\":\"BreadcrumbList\",\"@id\":\"https:\/\/xn--virukttejaam-hlb.ee\/?page_id=2#breadcrumb\",\"itemListElement\":[{\"@type\":\"ListItem\",\"position\":1,\"name\":\"Home\",\"item\":\"https:\/\/xn--virukttejaam-hlb.ee\/\"},{\"@type\":\"ListItem\",\"position\":2,\"name\":\"Tooted\"}]}]}<\/script>\n<!-- \/ Yoast SEO plugin. -->","yoast_head_json":{"title":"Tooted - VIRU K&Uuml;TTEJAAM","description":"M\u00fc\u00fca L\u00e4\u00e4ne-Virumaal k\u00fcttepuud, brikett, pellet, kivis\u00fcsi. HALUMASINA TEENUS, TRANSPORT HINNAS, T\u00d6\u00d6TAME IGA P\u00c4EV.","robots":{"index":"index","follow":"follow","max-snippet":"max-snippet:-1","max-image-preview":"max-image-preview:large","max-video-preview":"max-video-preview:-1"},"canonical":"https:\/\/xn--virukttejaam-hlb.ee\/?page_id=2","og_locale":"et_EE","og_type":"article","og_title":"Tooted - VIRU K&Uuml;TTEJAAM","og_description":"M\u00fc\u00fca L\u00e4\u00e4ne-Virumaal k\u00fcttepuud, brikett, pellet, kivis\u00fcsi. HALUMASINA TEENUS, TRANSPORT HINNAS, T\u00d6\u00d6TAME IGA P\u00c4EV.","og_url":"https:\/\/xn--virukttejaam-hlb.ee\/?page_id=2","og_site_name":"VIRU K&Uuml;TTEJAAM","article_modified_time":"2022-04-13T15:14:22+00:00","og_image":[{"url":"https:\/\/xn--virukttejaam-hlb.ee\/wp-content\/uploads\/2021\/09\/PUUD5.png"}],"twitter_card":"summary_large_image","twitter_misc":{"Est. reading time":"1 minut"},"schema":{"@context":"https:\/\/schema.org","@graph":[{"@type":"WebSite","@id":"https:\/\/xn--virukttejaam-hlb.ee\/#website","url":"https:\/\/xn--virukttejaam-hlb.ee\/","name":"VIRU K&Uuml;TTEJAAM","description":"","potentialAction":[{"@type":"SearchAction","target":{"@type":"EntryPoint","urlTemplate":"https:\/\/xn--virukttejaam-hlb.ee\/?s={search_term_string}"},"query-input":"required name=search_term_string"}],"inLanguage":"et"},{"@type":"ImageObject","@id":"https:\/\/xn--virukttejaam-hlb.ee\/?page_id=2#primaryimage","inLanguage":"et","url":"https:\/\/xn--virukttejaam-hlb.ee\/wp-content\/uploads\/2021\/09\/PUUD5.png","contentUrl":"https:\/\/xn--virukttejaam-hlb.ee\/wp-content\/uploads\/2021\/09\/PUUD5.png","width":822,"height":822},{"@type":"WebPage","@id":"https:\/\/xn--virukttejaam-hlb.ee\/?page_id=2#webpage","url":"https:\/\/xn--virukttejaam-hlb.ee\/?page_id=2","name":"Tooted - VIRU K&Uuml;TTEJAAM","isPartOf":{"@id":"https:\/\/xn--virukttejaam-hlb.ee\/#website"},"primaryImageOfPage":{"@id":"https:\/\/xn--virukttejaam-hlb.ee\/?page_id=2#primaryimage"},"datePublished":"2021-06-18T11:00:00+00:00","dateModified":"2022-04-13T15:14:22+00:00","description":"M\u00fc\u00fca L\u00e4\u00e4ne-Virumaal k\u00fcttepuud, brikett, pellet, kivis\u00fcsi. HALUMASINA TEENUS, TRANSPORT HINNAS, T\u00d6\u00d6TAME IGA P\u00c4EV.","breadcrumb":{"@id":"https:\/\/xn--virukttejaam-hlb.ee\/?page_id=2#breadcrumb"},"inLanguage":"et","potentialAction":[{"@type":"ReadAction","target":["https:\/\/xn--virukttejaam-hlb.ee\/?page_id=2"]}]},{"@type":"BreadcrumbList","@id":"https:\/\/xn--virukttejaam-hlb.ee\/?page_id=2#breadcrumb","itemListElement":[{"@type":"ListItem","position":1,"name":"Home","item":"https:\/\/xn--virukttejaam-hlb.ee\/"},{"@type":"ListItem","position":2,"name":"Tooted"}]}]}},"_links":{"self":[{"href":"https:\/\/xn--virukttejaam-hlb.ee\/index.php?rest_route=\/wp\/v2\/pages\/2","targetHints":{"allow":["GET"]}}],"collection":[{"href":"https:\/\/xn--virukttejaam-hlb.ee\/index.php?rest_route=\/wp\/v2\/pages"}],"about":[{"href":"https:\/\/xn--virukttejaam-hlb.ee\/index.php?rest_route=\/wp\/v2\/types\/page"}],"author":[{"embeddable":true,"href":"https:\/\/xn--virukttejaam-hlb.ee\/index.php?rest_route=\/wp\/v2\/users\/1"}],"replies":[{"embeddable":true,"href":"https:\/\/xn--virukttejaam-hlb.ee\/index.php?rest_route=%2Fwp%2Fv2%2Fcomments&post=2"}],"version-history":[{"count":29,"href":"https:\/\/xn--virukttejaam-hlb.ee\/index.php?rest_route=\/wp\/v2\/pages\/2\/revisions"}],"predecessor-version":[{"id":401,"href":"https:\/\/xn--virukttejaam-hlb.ee\/index.php?rest_route=\/wp\/v2\/pages\/2\/revisions\/401"}],"wp:attachment":[{"href":"https:\/\/xn--virukttejaam-hlb.ee\/index.php?rest_route=%2Fwp%2Fv2%2Fmedia&parent=2"}],"curies":[{"name":"wp","href":"https:\/\/api.w.org\/{rel}","templated":true}]}}